{"id":9,"date":"2025-03-10T11:42:23","date_gmt":"2025-03-10T10:42:23","guid":{"rendered":"https:\/\/tortowe.love\/?page_id=9"},"modified":"2025-04-18T21:13:08","modified_gmt":"2025-04-18T19:13:08","slug":"home","status":"publish","type":"page","link":"https:\/\/tortowe.love\/","title":{"rendered":"Home"},"content":{"rendered":"<p>[et_pb_section fb_built=&#8221;1&#8243; prev_background_color=&#8221;#ffffff&#8221; next_background_color=&#8221;#fff4ed&#8221; admin_label=&#8221;Header&#8221; _builder_version=&#8221;4.16&#8243; background_color=&#8221;#c1ddf4&#8243; background_image=&#8221;https:\/\/tortowe.love\/wp-content\/uploads\/2025\/03\/cake-03-2.png&#8221; background_size=&#8221;initial&#8221; background_position=&#8221;top_left&#8221; background_repeat=&#8221;repeat&#8221; custom_padding=&#8221;0px|||||&#8221; top_divider_style=&#8221;curve&#8221; top_divider_height=&#8221;1.2vw&#8221; top_divider_repeat=&#8221;20x&#8221; top_divider_height_tablet=&#8221;3vw&#8221; top_divider_height_phone=&#8221;&#8221; top_divider_height_last_edited=&#8221;on|desktop&#8221; top_divider_repeat_tablet=&#8221;7x&#8221; top_divider_repeat_phone=&#8221;&#8221; top_divider_repeat_last_edited=&#8221;on|tablet&#8221; bottom_divider_style=&#8221;curve&#8221; bottom_divider_height=&#8221;10vw&#8221; locked=&#8221;off&#8221; global_colors_info=&#8221;{}&#8221;][et_pb_row column_structure=&#8221;3_5,2_5&#8243; _builder_version=&#8221;4.16&#8243; global_colors_info=&#8221;{}&#8221;][et_pb_column type=&#8221;3_5&#8243; _builder_version=&#8221;4.16&#8243; custom_padding=&#8221;140px||&#8221; custom_padding_tablet=&#8221;40px||40px||true&#8221; custom_padding_phone=&#8221;&#8221; custom_padding_last_edited=&#8221;on|tablet&#8221; global_colors_info=&#8221;{}&#8221;][et_pb_text _builder_version=&#8221;4.27.4&#8243; text_font=&#8221;Pacifico||||||||&#8221; text_text_color=&#8221;#97bfdf&#8221; text_font_size=&#8221;16px&#8221; text_line_height=&#8221;1.6em&#8221; background_color=&#8221;#ffffff&#8221; text_orientation=&#8221;center&#8221; background_layout=&#8221;dark&#8221; max_width=&#8221;180px&#8221; module_alignment=&#8221;center&#8221; min_height=&#8221;25px&#8221; custom_padding=&#8221;5px||5px||true&#8221; text_text_align=&#8221;center&#8221; locked=&#8221;off&#8221; global_colors_info=&#8221;{}&#8221;]<\/p>\n<p>z mi\u0142o\u015bci<\/p>\n<p>[\/et_pb_text][et_pb_text _builder_version=&#8221;4.16&#8243; text_font=&#8221;||||||||&#8221; header_font=&#8221;Pacifico||||||||&#8221; header_font_size=&#8221;60px&#8221; background_image=&#8221;https:\/\/tortowe.love\/wp-content\/uploads\/2025\/03\/cake-04.png&#8221; background_size=&#8221;contain&#8221; text_orientation=&#8221;center&#8221; background_layout=&#8221;dark&#8221; custom_margin=&#8221;-60px||-30px||false&#8221; custom_margin_tablet=&#8221;-50px||-20px|&#8221; custom_margin_phone=&#8221;-40px||-10px|&#8221; custom_margin_last_edited=&#8221;on|phone&#8221; custom_padding=&#8221;50px||50px||false|&#8221; header_font_size_tablet=&#8221;&#8221; header_font_size_phone=&#8221;36px&#8221; header_font_size_last_edited=&#8221;on|desktop&#8221; text_text_align=&#8221;center&#8221; locked=&#8221;off&#8221; global_colors_info=&#8221;{}&#8221;]<\/p>\n<h1>tortowe LOVE<\/h1>\n<p>[\/et_pb_text][et_pb_text _builder_version=&#8221;4.16&#8243; text_font=&#8221;|700||on|||||&#8221; text_font_size=&#8221;12px&#8221; text_letter_spacing=&#8221;4px&#8221; text_orientation=&#8221;center&#8221; background_layout=&#8221;dark&#8221; max_width=&#8221;180px&#8221; module_alignment=&#8221;center&#8221; border_color_all=&#8221;#ffffff&#8221; border_width_top=&#8221;2px&#8221; border_width_bottom=&#8221;2px&#8221; text_text_align=&#8221;center&#8221; locked=&#8221;off&#8221; global_colors_info=&#8221;{}&#8221;]<\/p>\n<p>do pieczenia<\/p>\n<p>[\/et_pb_text][et_pb_button button_text=&#8221;Torty&#8221; button_alignment=&#8221;center&#8221; _builder_version=&#8221;4.27.4&#8243; custom_button=&#8221;on&#8221; button_text_size=&#8221;14px&#8221; button_text_color=&#8221;#ffffff&#8221; button_bg_color=&#8221;#2e298e&#8221; button_border_color=&#8221;rgba(0,0,0,0)&#8221; button_border_radius=&#8221;50px&#8221; button_letter_spacing=&#8221;2px&#8221; button_font=&#8221;|700||on|||||&#8221; button_icon=&#8221;&#x24;||divi||400&#8243; custom_padding=&#8221;15px|40px|15px|40px|true|true&#8221; global_colors_info=&#8221;{}&#8221;][\/et_pb_button][\/et_pb_column][et_pb_column type=&#8221;2_5&#8243; _builder_version=&#8221;4.16&#8243; global_colors_info=&#8221;{}&#8221;][et_pb_image src=&#8221;https:\/\/tortowe.love\/wp-content\/uploads\/2025\/03\/cake-05.jpg&#8221; _builder_version=&#8221;4.16&#8243; max_width_tablet=&#8221;400px&#8221; max_width_phone=&#8221;&#8221; max_width_last_edited=&#8221;on|desktop&#8221; custom_margin=&#8221;-6vw|-10vw||&#8221; custom_margin_tablet=&#8221;0vw|0vw||&#8221; custom_margin_phone=&#8221;&#8221; custom_margin_last_edited=&#8221;on|desktop&#8221; border_radii=&#8221;on|100%|100%|100%|100%&#8221; box_shadow_style=&#8221;preset2&#8243; box_shadow_horizontal=&#8221;-5px&#8221; box_shadow_vertical=&#8221;25px&#8221; box_shadow_blur=&#8221;65px&#8221; box_shadow_spread=&#8221;-10px&#8221; box_shadow_color=&#8221;rgba(0,0,0,0.15)&#8221; global_colors_info=&#8221;{}&#8221;][\/et_pb_image][et_pb_image src=&#8221;https:\/\/tortowe.love\/wp-content\/uploads\/2025\/03\/cake-06.jpg&#8221; _builder_version=&#8221;4.16&#8243; max_width=&#8221;400px&#8221; max_width_tablet=&#8221;200px&#8221; max_width_phone=&#8221;&#8221; max_width_last_edited=&#8221;on|desktop&#8221; custom_margin=&#8221;-150px||-9vw|-90px&#8221; custom_margin_tablet=&#8221;|||0px&#8221; custom_margin_phone=&#8221;&#8221; custom_margin_last_edited=&#8221;on|desktop&#8221; module_alignment_tablet=&#8221;right&#8221; module_alignment_phone=&#8221;&#8221; module_alignment_last_edited=&#8221;on|desktop&#8221; border_radii=&#8221;on|500px|500px|500px|500px&#8221; box_shadow_style=&#8221;preset2&#8243; box_shadow_horizontal=&#8221;-5px&#8221; box_shadow_vertical=&#8221;25px&#8221; box_shadow_blur=&#8221;65px&#8221; box_shadow_spread=&#8221;-10px&#8221; box_shadow_color=&#8221;rgba(0,0,0,0.25)&#8221; locked=&#8221;off&#8221; global_colors_info=&#8221;{}&#8221;][\/et_pb_image][\/et_pb_column][\/et_pb_row][\/et_pb_section][et_pb_section fb_built=&#8221;1&#8243; next_background_color=&#8221;#ffffff&#8221; admin_label=&#8221;About&#8221; _builder_version=&#8221;4.16&#8243; background_color=&#8221;#fff4ed&#8221; background_size=&#8221;initial&#8221; background_position=&#8221;top_center&#8221; custom_padding=&#8221;||0px|||&#8221; bottom_divider_style=&#8221;waves&#8221; bottom_divider_height=&#8221;10vw&#8221; locked=&#8221;off&#8221; global_colors_info=&#8221;{}&#8221;][et_pb_row column_structure=&#8221;1_2,1_2&#8243; _builder_version=&#8221;4.27.4&#8243; background_color=&#8221;RGBA(255,255,255,0)&#8221; custom_margin=&#8221;-12vw||&#8221; custom_margin_tablet=&#8221;-26vw||&#8221; custom_margin_phone=&#8221;&#8221; custom_margin_last_edited=&#8221;on|desktop&#8221; custom_padding=&#8221;||0px|||&#8221; global_colors_info=&#8221;{}&#8221;][et_pb_column type=&#8221;1_2&#8243; _builder_version=&#8221;4.27.4&#8243; background_color=&#8221;#000000&#8243; custom_padding=&#8221;160px|40px|60px|40px||true&#8221; border_radii=&#8221;|20vw|20vw||&#8221; border_radii_tablet=&#8221;&#8221; border_radii_phone=&#8221;&#8221; border_radii_last_edited=&#8221;on|tablet&#8221; global_colors_info=&#8221;{}&#8221;][et_pb_text _builder_version=&#8221;4.27.4&#8243; text_font=&#8221;||||||||&#8221; text_font_size=&#8221;16px&#8221; text_line_height=&#8221;1.8em&#8221; header_font=&#8221;||||||||&#8221; header_2_font=&#8221;Pacifico||||||||&#8221; header_2_font_size=&#8221;48px&#8221; header_2_line_height=&#8221;1.5em&#8221; text_orientation=&#8221;center&#8221; background_layout=&#8221;dark&#8221; header_2_font_size_tablet=&#8221;&#8221; header_2_font_size_phone=&#8221;30px&#8221; header_2_font_size_last_edited=&#8221;on|desktop&#8221; text_text_align=&#8221;center&#8221; locked=&#8221;off&#8221; global_colors_info=&#8221;{}&#8221;]<\/p>\n<h2>o Mnie<\/h2>\n<p>Moje wypieki, s\u0105 efektem pasji, dba\u0142o\u015bci o szczeg\u00f3\u0142y i mi\u0142o\u015bci do s\u0142odko\u015bci. Pozw\u00f3l Mi uczyni\u0107 ka\u017cd\u0105 okazj\u0119 niezapomnian\u0105.<br \/>Torty urodzinowe Bratkowice, Deserki i Ciasta, domowe wypieki na zam\u00f3wienie Rzesz\u00f3w.<\/p>\n<p>[\/et_pb_text][\/et_pb_column][et_pb_column type=&#8221;1_2&#8243; _builder_version=&#8221;4.16&#8243; global_colors_info=&#8221;{}&#8221;][\/et_pb_column][\/et_pb_row][et_pb_row column_structure=&#8221;1_3,1_3,1_3&#8243; use_custom_gutter=&#8221;on&#8221; gutter_width=&#8221;1&#8243; _builder_version=&#8221;4.16&#8243; custom_padding=&#8221;0px||0px|||&#8221; border_radii=&#8221;||10vw|10vw|&#8221; global_colors_info=&#8221;{}&#8221;][et_pb_column type=&#8221;1_3&#8243; _builder_version=&#8221;4.16&#8243; global_colors_info=&#8221;{}&#8221;][\/et_pb_column][et_pb_column type=&#8221;1_3&#8243; _builder_version=&#8221;4.16&#8243; global_colors_info=&#8221;{}&#8221;][\/et_pb_column][et_pb_column type=&#8221;1_3&#8243; _builder_version=&#8221;4.16&#8243; global_colors_info=&#8221;{}&#8221;][\/et_pb_column][\/et_pb_row][\/et_pb_section][et_pb_section fb_built=&#8221;1&#8243; admin_label=&#8221;Features&#8221; _builder_version=&#8221;4.16&#8243; custom_padding=&#8221;||0px|||&#8221; global_colors_info=&#8221;{}&#8221;][et_pb_row column_structure=&#8221;1_2,1_2&#8243; _builder_version=&#8221;4.16&#8243; locked=&#8221;off&#8221; global_colors_info=&#8221;{}&#8221;][et_pb_column type=&#8221;1_2&#8243; _builder_version=&#8221;4.16&#8243; global_colors_info=&#8221;{}&#8221;][et_pb_image src=&#8221;https:\/\/tortowe.love\/wp-content\/uploads\/2025\/03\/cake-08.jpg&#8221; _builder_version=&#8221;4.16&#8243; z_index=&#8221;1&#8243; max_width=&#8221;250px&#8221; module_alignment=&#8221;right&#8221; custom_margin=&#8221;||&#8221; custom_margin_tablet=&#8221;3vw||&#8221; custom_margin_last_edited=&#8221;off|phone&#8221; border_radii=&#8221;on|500px|500px|500px|500px&#8221; box_shadow_style=&#8221;preset2&#8243; box_shadow_horizontal=&#8221;-5px&#8221; box_shadow_vertical=&#8221;25px&#8221; box_shadow_blur=&#8221;65px&#8221; box_shadow_spread=&#8221;-10px&#8221; box_shadow_color=&#8221;rgba(0,0,0,0.25)&#8221; locked=&#8221;off&#8221; global_colors_info=&#8221;{}&#8221;][\/et_pb_image][et_pb_image src=&#8221;https:\/\/tortowe.love\/wp-content\/uploads\/2025\/03\/cake-13.jpg&#8221; _builder_version=&#8221;4.16&#8243; max_width=&#8221;400px&#8221; custom_margin=&#8221;-150px||&#8221; custom_margin_tablet=&#8221;3vw||&#8221; custom_margin_last_edited=&#8221;off|tablet&#8221; border_radii=&#8221;on|500px|500px|500px|500px&#8221; box_shadow_style=&#8221;preset2&#8243; box_shadow_horizontal=&#8221;-5px&#8221; box_shadow_vertical=&#8221;25px&#8221; box_shadow_blur=&#8221;65px&#8221; box_shadow_spread=&#8221;-10px&#8221; box_shadow_color=&#8221;rgba(0,0,0,0.25)&#8221; locked=&#8221;off&#8221; global_colors_info=&#8221;{}&#8221;][\/et_pb_image][\/et_pb_column][et_pb_column type=&#8221;1_2&#8243; _builder_version=&#8221;4.16&#8243; global_colors_info=&#8221;{}&#8221;][et_pb_text _builder_version=&#8221;4.16&#8243; text_font=&#8221;||||||||&#8221; text_font_size=&#8221;16px&#8221; text_line_height=&#8221;1.8em&#8221; header_font=&#8221;||||||||&#8221; header_2_font=&#8221;Pacifico||||||||&#8221; header_2_font_size=&#8221;48px&#8221; header_2_line_height=&#8221;1.5em&#8221; header_2_font_size_tablet=&#8221;&#8221; header_2_font_size_phone=&#8221;30px&#8221; header_2_font_size_last_edited=&#8221;on|desktop&#8221; locked=&#8221;off&#8221; global_colors_info=&#8221;{}&#8221;]<\/p>\n<h2>Dlaczego Ja<\/h2>\n<p>[\/et_pb_text][et_pb_blurb title=&#8221;Pasja do pieczenia&#8221; use_icon=&#8221;on&#8221; font_icon=&#8221;&#x45;||divi||400&#8243; icon_color=&#8221;#4a3e73&#8243; icon_placement=&#8221;left&#8221; image_icon_width=&#8221;24px&#8221; content_max_width=&#8221;100%&#8221; _builder_version=&#8221;4.27.4&#8243; header_font=&#8221;||||||||&#8221; header_font_size=&#8221;16px&#8221; header_line_height=&#8221;1.4em&#8221; custom_margin=&#8221;||10px&#8221; icon_font_size=&#8221;24px&#8221; global_colors_info=&#8221;{}&#8221;][\/et_pb_blurb][et_pb_blurb title=&#8221;Kreatywno\u015b\u0107&#8221; use_icon=&#8221;on&#8221; font_icon=&#8221;&#x45;||divi||400&#8243; icon_color=&#8221;#4a3e73&#8243; icon_placement=&#8221;left&#8221; image_icon_width=&#8221;24px&#8221; content_max_width=&#8221;100%&#8221; _builder_version=&#8221;4.27.4&#8243; header_font=&#8221;||||||||&#8221; header_font_size=&#8221;16px&#8221; header_line_height=&#8221;1.4em&#8221; custom_margin=&#8221;||10px&#8221; icon_font_size=&#8221;24px&#8221; global_colors_info=&#8221;{}&#8221;][\/et_pb_blurb][et_pb_blurb title=&#8221;Dba\u0142o\u015b\u0107 o detale&#8221; use_icon=&#8221;on&#8221; font_icon=&#8221;&#x45;||divi||400&#8243; icon_color=&#8221;#4a3e73&#8243; icon_placement=&#8221;left&#8221; image_icon_width=&#8221;24px&#8221; content_max_width=&#8221;100%&#8221; _builder_version=&#8221;4.27.4&#8243; header_font=&#8221;||||||||&#8221; header_font_size=&#8221;16px&#8221; header_line_height=&#8221;1.4em&#8221; custom_margin=&#8221;||10px&#8221; icon_font_size=&#8221;24px&#8221; global_colors_info=&#8221;{}&#8221;][\/et_pb_blurb][et_pb_blurb title=&#8221;Personalizacja&#8221; use_icon=&#8221;on&#8221; font_icon=&#8221;&#x45;||divi||400&#8243; icon_color=&#8221;#4a3e73&#8243; icon_placement=&#8221;left&#8221; image_icon_width=&#8221;24px&#8221; content_max_width=&#8221;100%&#8221; _builder_version=&#8221;4.27.4&#8243; header_font=&#8221;||||||||&#8221; header_font_size=&#8221;16px&#8221; header_line_height=&#8221;1.4em&#8221; custom_margin=&#8221;||10px&#8221; icon_font_size=&#8221;24px&#8221; global_colors_info=&#8221;{}&#8221;][\/et_pb_blurb][et_pb_blurb title=&#8221;Wysokiej jako\u015bci produkty&#8221; use_icon=&#8221;on&#8221; font_icon=&#8221;&#x45;||divi||400&#8243; icon_color=&#8221;#4a3e73&#8243; icon_placement=&#8221;left&#8221; image_icon_width=&#8221;24px&#8221; content_max_width=&#8221;100%&#8221; _builder_version=&#8221;4.27.4&#8243; header_font=&#8221;||||||||&#8221; header_font_size=&#8221;16px&#8221; header_line_height=&#8221;1.4em&#8221; custom_margin=&#8221;||10px&#8221; icon_font_size=&#8221;24px&#8221; global_colors_info=&#8221;{}&#8221;][\/et_pb_blurb][\/et_pb_column][\/et_pb_row][\/et_pb_section][et_pb_section fb_built=&#8221;1&#8243; theme_builder_area=&#8221;post_content&#8221; _builder_version=&#8221;4.27.4&#8243; _module_preset=&#8221;default&#8221;][et_pb_row _builder_version=&#8221;4.27.4&#8243; _module_preset=&#8221;default&#8221; theme_builder_area=&#8221;post_content&#8221;][et_pb_column _builder_version=&#8221;4.27.4&#8243; _module_preset=&#8221;default&#8221; type=&#8221;4_4&#8243; theme_builder_area=&#8221;post_content&#8221;][et_pb_image src=&#8221;https:\/\/tortowe.love\/wp-content\/uploads\/2025\/04\/Oferta-Torty-na-strone-kopia.jpg&#8221; _builder_version=&#8221;4.27.4&#8243; _module_preset=&#8221;default&#8221; theme_builder_area=&#8221;post_content&#8221; title_text=&#8221;Oferta Torty na strone kopia&#8221; hover_enabled=&#8221;0&#8243; sticky_enabled=&#8221;0&#8243; align=&#8221;center&#8221;][\/et_pb_image][\/et_pb_column][\/et_pb_row][\/et_pb_section][et_pb_section fb_built=&#8221;1&#8243; _builder_version=&#8221;4.27.4&#8243; _module_preset=&#8221;default&#8221; global_colors_info=&#8221;{}&#8221;][et_pb_row _builder_version=&#8221;4.27.4&#8243; _module_preset=&#8221;default&#8221; global_colors_info=&#8221;{}&#8221;][et_pb_column type=&#8221;4_4&#8243; _builder_version=&#8221;4.27.4&#8243; _module_preset=&#8221;default&#8221; global_colors_info=&#8221;{}&#8221;][et_pb_gallery gallery_ids=&#8221;99,102,101,100,98,97,96,95,94,93,92,90,91&#8243; fullwidth=&#8221;on&#8221; _builder_version=&#8221;4.27.4&#8243; _module_preset=&#8221;default&#8221; global_colors_info=&#8221;{}&#8221;][\/et_pb_gallery][\/et_pb_column][\/et_pb_row][\/et_pb_section][et_pb_section fb_built=&#8221;1&#8243; prev_background_color=&#8221;#ffffff&#8221; next_background_color=&#8221;#ffffff&#8221; admin_label=&#8221;Footer&#8221; _builder_version=&#8221;4.16&#8243; background_color=&#8221;#edf1ff&#8221; custom_padding=&#8221;0px|||||&#8221; top_divider_style=&#8221;curve&#8221; top_divider_height=&#8221;1.2vw&#8221; top_divider_repeat=&#8221;20x&#8221; top_divider_arrangement=&#8221;above_content&#8221; bottom_divider_style=&#8221;waves&#8221; bottom_divider_height=&#8221;10vw&#8221; bottom_divider_arrangement=&#8221;above_content&#8221; locked=&#8221;off&#8221; global_colors_info=&#8221;{}&#8221;][et_pb_row column_structure=&#8221;1_2,1_2&#8243; _builder_version=&#8221;4.16&#8243; custom_padding=&#8221;0px|||||&#8221; global_colors_info=&#8221;{}&#8221;][et_pb_column type=&#8221;1_2&#8243; _builder_version=&#8221;4.16&#8243; global_colors_info=&#8221;{}&#8221;][et_pb_image src=&#8221;https:\/\/tortowe.love\/wp-content\/uploads\/2025\/03\/cake-12.jpg&#8221; title_text=&#8221;cake-12&#8243; show_bottom_space=&#8221;off&#8221; _builder_version=&#8221;4.27.4&#8243; height=&#8221;643px&#8221; custom_margin=&#8221;|||-20vw&#8221; custom_margin_tablet=&#8221;|||0vw&#8221; custom_margin_phone=&#8221;&#8221; custom_margin_last_edited=&#8221;on|desktop&#8221; custom_padding=&#8221;||&#8221; global_colors_info=&#8221;{}&#8221;][\/et_pb_image][\/et_pb_column][et_pb_column type=&#8221;1_2&#8243; _builder_version=&#8221;4.16&#8243; custom_padding=&#8221;100px||10vw&#8221; custom_padding_tablet=&#8221;0px||&#8221; custom_padding_phone=&#8221;&#8221; custom_padding_last_edited=&#8221;on|desktop&#8221; global_colors_info=&#8221;{}&#8221;][et_pb_text _builder_version=&#8221;4.27.4&#8243; text_font=&#8221;||||||||&#8221; header_2_font=&#8221;Pacifico||||||||&#8221; header_2_font_size=&#8221;48px&#8221; header_2_line_height=&#8221;1.5em&#8221; text_orientation=&#8221;center&#8221; header_2_font_size_tablet=&#8221;&#8221; header_2_font_size_phone=&#8221;30px&#8221; header_2_font_size_last_edited=&#8221;on|desktop&#8221; locked=&#8221;off&#8221; global_colors_info=&#8221;{}&#8221;]<\/p>\n<h2>Kontakt<\/h2>\n<h2>tel: 733-564-987<\/h2>\n<p>[\/et_pb_text][et_pb_social_media_follow _builder_version=&#8221;4.27.4&#8243; text_orientation=&#8221;center&#8221; custom_margin=&#8221;60px|||||&#8221; border_radii=&#8221;on|50px|50px|50px|50px&#8221; border_width_all=&#8221;10px&#8221; border_color_all=&#8221;rgba(0,0,0,0)&#8221; global_colors_info=&#8221;{}&#8221;][et_pb_social_media_follow_network social_network=&#8221;facebook&#8221; url=&#8221;https:\/\/www.facebook.com\/profile.php?id=100063512321121&#8243; _builder_version=&#8221;4.27.4&#8243; background_color=&#8221;#b7d1ff&#8221; global_colors_info=&#8221;{}&#8221; follow_button=&#8221;off&#8221; url_new_window=&#8221;on&#8221;]facebook[\/et_pb_social_media_follow_network][\/et_pb_social_media_follow][\/et_pb_column][\/et_pb_row][\/et_pb_section]<\/p>\n","protected":false},"excerpt":{"rendered":"<p>z mi\u0142o\u015bcitortowe LOVEdo pieczeniao Mnie Moje wypieki, s\u0105 efektem pasji, dba\u0142o\u015bci o szczeg\u00f3\u0142y i mi\u0142o\u015bci do s\u0142odko\u015bci. Pozw\u00f3l Mi uczyni\u0107 ka\u017cd\u0105 okazj\u0119 niezapomnian\u0105.Torty urodzinowe Bratkowice, Deserki i Ciasta, domowe wypieki na zam\u00f3wienie Rzesz\u00f3w.Dlaczego JaKontakt tel: 733-564-987<\/p>\n","protected":false},"author":1,"featured_media":0,"parent":0,"menu_order":0,"comment_status":"closed","ping_status":"closed","template":"","meta":{"_et_pb_use_builder":"on","_et_pb_old_content":"","_et_gb_content_width":"","om_disable_all_campaigns":false,"_monsterinsights_skip_tracking":false,"_monsterinsights_sitenote_active":false,"_monsterinsights_sitenote_note":"","_monsterinsights_sitenote_category":0,"footnotes":""},"class_list":["post-9","page","type-page","status-publish","hentry"],"aioseo_notices":[],"_links":{"self":[{"href":"https:\/\/tortowe.love\/index.php\/wp-json\/wp\/v2\/pages\/9","targetHints":{"allow":["GET"]}}],"collection":[{"href":"https:\/\/tortowe.love\/index.php\/wp-json\/wp\/v2\/pages"}],"about":[{"href":"https:\/\/tortowe.love\/index.php\/wp-json\/wp\/v2\/types\/page"}],"author":[{"embeddable":true,"href":"https:\/\/tortowe.love\/index.php\/wp-json\/wp\/v2\/users\/1"}],"replies":[{"embeddable":true,"href":"https:\/\/tortowe.love\/index.php\/wp-json\/wp\/v2\/comments?post=9"}],"version-history":[{"count":27,"href":"https:\/\/tortowe.love\/index.php\/wp-json\/wp\/v2\/pages\/9\/revisions"}],"predecessor-version":[{"id":125,"href":"https:\/\/tortowe.love\/index.php\/wp-json\/wp\/v2\/pages\/9\/revisions\/125"}],"wp:attachment":[{"href":"https:\/\/tortowe.love\/index.php\/wp-json\/wp\/v2\/media?parent=9"}],"curies":[{"name":"wp","href":"https:\/\/api.w.org\/{rel}","templated":true}]}}